{"id":23,"date":"2024-11-17T13:01:57","date_gmt":"2024-11-17T13:01:57","guid":{"rendered":"https:\/\/reponsestat.com\/index.php\/responsive-design\/"},"modified":"2024-11-17T13:01:57","modified_gmt":"2024-11-17T13:01:57","slug":"responsive-design","status":"publish","type":"page","link":"https:\/\/reponsestat.com\/index.php\/responsive-design\/","title":{"rendered":"Responsive Design"},"content":{"rendered":"<p>Customize everything from the theme Appearance customize.<\/p>\n","protected":false},"excerpt":{"rendered":"<p>Customize everything from the theme Appearance customize.<\/p>\n","protected":false},"author":1,"featured_media":12,"parent":0,"menu_order":0,"comment_status":"closed","ping_status":"closed","template":"","meta":{"footnotes":""},"class_list":["post-23","page","type-page","status-publish","has-post-thumbnail","hentry"],"yoast_head":"<!-- This site is optimized with the Yoast SEO plugin v23.7 - https:\/\/yoast.com\/wordpress\/plugins\/seo\/ -->\r\n<title>Responsive Design - ReponseStat: Etudes statistiques en Ha\u00efti<\/title>\r\n<meta name=\"robots\" content=\"index, follow, max-snippet:-1, max-image-preview:large, max-video-preview:-1\" \/>\r\n<link rel=\"canonical\" href=\"https:\/\/reponsestat.com\/index.php\/responsive-design\/\" \/>\r\n<meta property=\"og:locale\" content=\"fr_FR\" \/>\r\n<meta property=\"og:type\" content=\"article\" \/>\r\n<meta property=\"og:title\" content=\"Responsive Design - ReponseStat: Etudes statistiques en Ha\u00efti\" \/>\r\n<meta property=\"og:description\" content=\"Customize everything from the theme Appearance customize.\" \/>\r\n<meta property=\"og:url\" content=\"https:\/\/reponsestat.com\/index.php\/responsive-design\/\" \/>\r\n<meta property=\"og:site_name\" content=\"ReponseStat: Etudes statistiques en Ha\u00efti\" \/>\r\n<meta name=\"twitter:card\" content=\"summary_large_image\" \/>\r\n<script type=\"application\/ld+json\" class=\"yoast-schema-graph\">{\"@context\":\"https:\/\/schema.org\",\"@graph\":[{\"@type\":\"WebPage\",\"@id\":\"https:\/\/reponsestat.com\/index.php\/responsive-design\/\",\"url\":\"https:\/\/reponsestat.com\/index.php\/responsive-design\/\",\"name\":\"Responsive Design - ReponseStat: Etudes statistiques en Ha\u00efti\",\"isPartOf\":{\"@id\":\"https:\/\/reponsestat.com\/#website\"},\"primaryImageOfPage\":{\"@id\":\"https:\/\/reponsestat.com\/index.php\/responsive-design\/#primaryimage\"},\"image\":{\"@id\":\"https:\/\/reponsestat.com\/index.php\/responsive-design\/#primaryimage\"},\"thumbnailUrl\":\"https:\/\/reponsestat.com\/wp-content\/uploads\/2024\/11\/portfolio1.jpg\",\"datePublished\":\"2024-11-17T13:01:57+00:00\",\"dateModified\":\"2024-11-17T13:01:57+00:00\",\"breadcrumb\":{\"@id\":\"https:\/\/reponsestat.com\/index.php\/responsive-design\/#breadcrumb\"},\"inLanguage\":\"fr-FR\",\"potentialAction\":[{\"@type\":\"ReadAction\",\"target\":[\"https:\/\/reponsestat.com\/index.php\/responsive-design\/\"]}]},{\"@type\":\"ImageObject\",\"inLanguage\":\"fr-FR\",\"@id\":\"https:\/\/reponsestat.com\/index.php\/responsive-design\/#primaryimage\",\"url\":\"https:\/\/reponsestat.com\/wp-content\/uploads\/2024\/11\/portfolio1.jpg\",\"contentUrl\":\"https:\/\/reponsestat.com\/wp-content\/uploads\/2024\/11\/portfolio1.jpg\",\"width\":1280,\"height\":853,\"caption\":\"specia caption\"},{\"@type\":\"BreadcrumbList\",\"@id\":\"https:\/\/reponsestat.com\/index.php\/responsive-design\/#breadcrumb\",\"itemListElement\":[{\"@type\":\"ListItem\",\"position\":1,\"name\":\"Home\",\"item\":\"https:\/\/reponsestat.com\/\"},{\"@type\":\"ListItem\",\"position\":2,\"name\":\"Responsive Design\"}]},{\"@type\":\"WebSite\",\"@id\":\"https:\/\/reponsestat.com\/#website\",\"url\":\"https:\/\/reponsestat.com\/\",\"name\":\"ReponseStat: Etudes statistiques en Ha\u00efti\",\"description\":\"R\u00e9ponseStat guide la d\u00e9cision\",\"potentialAction\":[{\"@type\":\"SearchAction\",\"target\":{\"@type\":\"EntryPoint\",\"urlTemplate\":\"https:\/\/reponsestat.com\/?s={search_term_string}\"},\"query-input\":{\"@type\":\"PropertyValueSpecification\",\"valueRequired\":true,\"valueName\":\"search_term_string\"}}],\"inLanguage\":\"fr-FR\"}]}<\/script>\r\n<!-- \/ Yoast SEO plugin. -->","yoast_head_json":{"title":"Responsive Design - ReponseStat: Etudes statistiques en Ha\u00efti","robots":{"index":"index","follow":"follow","max-snippet":"max-snippet:-1","max-image-preview":"max-image-preview:large","max-video-preview":"max-video-preview:-1"},"canonical":"https:\/\/reponsestat.com\/index.php\/responsive-design\/","og_locale":"fr_FR","og_type":"article","og_title":"Responsive Design - ReponseStat: Etudes statistiques en Ha\u00efti","og_description":"Customize everything from the theme Appearance customize.","og_url":"https:\/\/reponsestat.com\/index.php\/responsive-design\/","og_site_name":"ReponseStat: Etudes statistiques en Ha\u00efti","twitter_card":"summary_large_image","schema":{"@context":"https:\/\/schema.org","@graph":[{"@type":"WebPage","@id":"https:\/\/reponsestat.com\/index.php\/responsive-design\/","url":"https:\/\/reponsestat.com\/index.php\/responsive-design\/","name":"Responsive Design - ReponseStat: Etudes statistiques en Ha\u00efti","isPartOf":{"@id":"https:\/\/reponsestat.com\/#website"},"primaryImageOfPage":{"@id":"https:\/\/reponsestat.com\/index.php\/responsive-design\/#primaryimage"},"image":{"@id":"https:\/\/reponsestat.com\/index.php\/responsive-design\/#primaryimage"},"thumbnailUrl":"https:\/\/reponsestat.com\/wp-content\/uploads\/2024\/11\/portfolio1.jpg","datePublished":"2024-11-17T13:01:57+00:00","dateModified":"2024-11-17T13:01:57+00:00","breadcrumb":{"@id":"https:\/\/reponsestat.com\/index.php\/responsive-design\/#breadcrumb"},"inLanguage":"fr-FR","potentialAction":[{"@type":"ReadAction","target":["https:\/\/reponsestat.com\/index.php\/responsive-design\/"]}]},{"@type":"ImageObject","inLanguage":"fr-FR","@id":"https:\/\/reponsestat.com\/index.php\/responsive-design\/#primaryimage","url":"https:\/\/reponsestat.com\/wp-content\/uploads\/2024\/11\/portfolio1.jpg","contentUrl":"https:\/\/reponsestat.com\/wp-content\/uploads\/2024\/11\/portfolio1.jpg","width":1280,"height":853,"caption":"specia caption"},{"@type":"BreadcrumbList","@id":"https:\/\/reponsestat.com\/index.php\/responsive-design\/#breadcrumb","itemListElement":[{"@type":"ListItem","position":1,"name":"Home","item":"https:\/\/reponsestat.com\/"},{"@type":"ListItem","position":2,"name":"Responsive Design"}]},{"@type":"WebSite","@id":"https:\/\/reponsestat.com\/#website","url":"https:\/\/reponsestat.com\/","name":"ReponseStat: Etudes statistiques en Ha\u00efti","description":"R\u00e9ponseStat guide la d\u00e9cision","potentialAction":[{"@type":"SearchAction","target":{"@type":"EntryPoint","urlTemplate":"https:\/\/reponsestat.com\/?s={search_term_string}"},"query-input":{"@type":"PropertyValueSpecification","valueRequired":true,"valueName":"search_term_string"}}],"inLanguage":"fr-FR"}]}},"_links":{"self":[{"href":"https:\/\/reponsestat.com\/index.php\/wp-json\/wp\/v2\/pages\/23","targetHints":{"allow":["GET"]}}],"collection":[{"href":"https:\/\/reponsestat.com\/index.php\/wp-json\/wp\/v2\/pages"}],"about":[{"href":"https:\/\/reponsestat.com\/index.php\/wp-json\/wp\/v2\/types\/page"}],"author":[{"embeddable":true,"href":"https:\/\/reponsestat.com\/index.php\/wp-json\/wp\/v2\/users\/1"}],"replies":[{"embeddable":true,"href":"https:\/\/reponsestat.com\/index.php\/wp-json\/wp\/v2\/comments?post=23"}],"version-history":[{"count":0,"href":"https:\/\/reponsestat.com\/index.php\/wp-json\/wp\/v2\/pages\/23\/revisions"}],"wp:featuredmedia":[{"embeddable":true,"href":"https:\/\/reponsestat.com\/index.php\/wp-json\/wp\/v2\/media\/12"}],"wp:attachment":[{"href":"https:\/\/reponsestat.com\/index.php\/wp-json\/wp\/v2\/media?parent=23"}],"curies":[{"name":"wp","href":"https:\/\/api.w.org\/{rel}","templated":true}]}}